{"id":23,"date":"2016-10-06T17:52:44","date_gmt":"2016-10-06T16:52:44","guid":{"rendered":"http:\/\/sektiontanz.apps-1and1.net\/?page_id=23"},"modified":"2017-06-21T13:53:43","modified_gmt":"2017-06-21T12:53:43","slug":"bio","status":"publish","type":"page","link":"https:\/\/sektion-tanz.de\/?page_id=23","title":{"rendered":"BIO DE"},"content":{"rendered":"<div class=\"page\" title=\"Page 2\">\n<div class=\"section\">\n<div class=\"layoutArea\">\n<div class=\"column\">\n<p>In Bayern geboren, begann Sektion Tanz wahrscheinlich wie fast alle DJs, bei privaten Keller-Partys die Liebe zur Musik zu entdecken.<\/p>\n<p>Gepr\u00e4gt von dem damaligen Hip-Hop Sound aus Amerika, versucht er die beiden Welten zu kombinieren. Schon bald merkte er, dass seine Liebe aber st\u00e4rker zur elektronischen Musik tendiert.<\/p>\n<p>Da die elektronische Musik in Bayern zu dieser Zeit noch in den Kinderschuhen steckte, war es daher sehr schwer gr\u00f6\u00dfere Partys und Events zu organisieren.<\/p>\n<p>Trotz dieser Hindernisse war der Weg aber klar definiert und die ersten Plattenspieler wurden angeschafft, Plattenl\u00e4den wurden ausfindig gemacht und die Partyg\u00e4ste mit immer aktueller und neuer (Musik-)Nahrung versorgt.<\/p>\n<p>Demotapes wurden durch die wachsende Fangemeinde an die richtigen Adressen weitergegeben und so dauert es auch nicht all zu lange bis der ber\u00fchmte \u2013 weit \u00fcber die Tore Deutschlands bekannte \u2013 Club 1210 an der T\u00fcr klopfte.<br \/>\nHier wurden dann die Aftershows der damaligen DJ-Gr\u00f6\u00dfen gespielt um die noch immer nicht m\u00fcde Feiergemeinde in den Morgen zu begleiten.<\/p>\n<p>Schon bald darauf wurde er von Technoeden Records unter Vertrag genommen, mit denen er auch noch heute gelegentlich die Nacht zum Tage macht.<\/p>\n<p>Im \u201eCandy Club\u201c war Sektion Tanz als Resident zusammen mit der Technoeden Records Crew am Start und hat dort einige Veranstaltungen gerockt.<\/p>\n<p>Danach wurden etliche Open Airs und Clubs bespielt, wobei er teilweise auch im Hintergrund als Booker t\u00e4tig wurde.<\/p>\n<p>Im Club WUNDERBAR hat er somit vor und hinter den Turntables mit DJ-Gr\u00f6\u00dfen wie Animal Trainer, Ante Perry, Alma Gold oder Ekkohaus die G\u00e4ste zur Ekstase gebracht.<\/p>\n<p>Auch im Club surocks durfte er sich in den folgenden Jahren als Booker und Resident DJ beweisen.<\/p>\n<p>Wie beschreibt man die Musikrichtung von Sektion Tanz?<br \/>\nDie Antwort hierzu liefert der Tanzboden auf dem die feiernde G\u00e4ste zu den Kl\u00e4ngen von Sektion Tanz ihre Beine schwingen.<\/p>\n<p>Ganz nach dem Motto, \u201eEs wird getanzt, was auf die Teller kommt\u201c, sind House und Electro Tunes aber auch spezielle Afro und Samba Kl\u00e4nge nicht weit voneinander entfernt.<\/p>\n<p>Das Motto von Sektion Tanz lautet: \u201eIch bin erst zufrieden wenn die Menge tanzt!\u201c \u2013 und zuvor wird sicherlich nicht heimgegangen!<\/p>\n<\/div>\n<\/div>\n<\/div>\n<\/div>\n","protected":false},"excerpt":{"rendered":"<p>In Bayern geboren, begann Sektion Tanz wahrscheinlich wie fast alle DJs, bei privaten Keller-Partys die Liebe zur Musik zu entdecken.&hellip; <a class=\"read-more\" href=\"https:\/\/sektion-tanz.de\/?page_id=23\">Weiterlesen <span class=\"screen-reader-text\">BIO DE<\/span><\/a><\/p>\n","protected":false},"author":1,"featured_media":0,"parent":8,"menu_order":0,"comment_status":"closed","ping_status":"closed","template":"","meta":{"footnotes":""},"class_list":["post-23","page","type-page","status-publish","hentry"],"_links":{"self":[{"href":"https:\/\/sektion-tanz.de\/index.php?rest_route=\/wp\/v2\/pages\/23","targetHints":{"allow":["GET"]}}],"collection":[{"href":"https:\/\/sektion-tanz.de\/index.php?rest_route=\/wp\/v2\/pages"}],"about":[{"href":"https:\/\/sektion-tanz.de\/index.php?rest_route=\/wp\/v2\/types\/page"}],"author":[{"embeddable":true,"href":"https:\/\/sektion-tanz.de\/index.php?rest_route=\/wp\/v2\/users\/1"}],"replies":[{"embeddable":true,"href":"https:\/\/sektion-tanz.de\/index.php?rest_route=%2Fwp%2Fv2%2Fcomments&post=23"}],"version-history":[{"count":7,"href":"https:\/\/sektion-tanz.de\/index.php?rest_route=\/wp\/v2\/pages\/23\/revisions"}],"predecessor-version":[{"id":146,"href":"https:\/\/sektion-tanz.de\/index.php?rest_route=\/wp\/v2\/pages\/23\/revisions\/146"}],"up":[{"embeddable":true,"href":"https:\/\/sektion-tanz.de\/index.php?rest_route=\/wp\/v2\/pages\/8"}],"wp:attachment":[{"href":"https:\/\/sektion-tanz.de\/index.php?rest_route=%2Fwp%2Fv2%2Fmedia&parent=23"}],"curies":[{"name":"wp","href":"https:\/\/api.w.org\/{rel}","templated":true}]}}